{"id":161,"date":"2023-11-01T11:41:43","date_gmt":"2023-11-01T10:41:43","guid":{"rendered":"https:\/\/jeeppartsibiza.com\/onderdelen\/"},"modified":"2024-04-16T13:39:50","modified_gmt":"2024-04-16T11:39:50","slug":"piezas","status":"publish","type":"page","link":"https:\/\/jeeppartsibiza.com\/es\/piezas\/","title":{"rendered":"Piezas"},"content":{"rendered":"<section class=\"l-section wpb_row us_custom_fdcab3db height_medium width_full with_img\"><div class=\"l-section-img\" role=\"img\" aria-label=\"Imagen\" data-img-width=\"2500\" data-img-height=\"785\" style=\"background-image: url(https:\/\/jeeppartsibiza.com\/wp-content\/uploads\/2024\/01\/jeepparts_header_1.jpg);background-position: center right;\"><\/div><div class=\"l-section-overlay\" style=\"background:rgba(0,0,0,0.25)\"><\/div><div class=\"l-section-h i-cf\"><div class=\"g-cols vc_row via_flex valign_top type_default stacking_default\"><div class=\"vc_col-sm-12 wpb_column vc_column_container\"><div class=\"vc_column-inner\"><div class=\"wpb_wrapper\"><div class=\"g-cols wpb_row mc--jpi-detail-header via_flex valign_middle type_default stacking_default\"><div class=\"vc_col-sm-2 wpb_column vc_column_container mc--jpi-header-whitespace\"><div class=\"vc_column-inner\"><div class=\"wpb_wrapper\"><\/div><\/div><\/div><div class=\"vc_col-sm-10 wpb_column vc_column_container\"><div class=\"vc_column-inner\"><div class=\"wpb_wrapper\"><div class=\"wpb_text_column\"><div class=\"wpb_wrapper\"><h1><strong> Piezas <\/strong><\/h1>\n<\/div><\/div><\/div><\/div><\/div><\/div><\/div><\/div><\/div><\/div><\/div><\/section><section class=\"l-section wpb_row height_medium\"><div class=\"l-section-overlay\" style=\"background:var(--color-content-primary)\"><\/div><div class=\"l-section-h i-cf\"><div class=\"g-cols vc_row via_flex valign_top type_default stacking_default\"><div class=\"vc_col-sm-2 wpb_column vc_column_container\"><div class=\"vc_column-inner\"><div class=\"wpb_wrapper\"><\/div><\/div><\/div><div class=\"vc_col-sm-8 wpb_column vc_column_container\"><div class=\"vc_column-inner\"><div class=\"wpb_wrapper\"><div class=\"wpb_text_column\"><div class=\"wpb_wrapper\"><h2>Mantenga su Jeep en las mejores condiciones<\/h2>\n<p>En Jeep Parts Ibiza, entendemos que su Jeep es m\u00e1s que un veh\u00edculo. Es el esp\u00edritu aventurero que le lleva por las bellas carreteras de Ibiza. Por eso ofrecemos una amplia gama de piezas Jeep de alta calidad para garantizar que su Jeep siempre est\u00e9 en las mejores condiciones.<\/p>\n<\/div><\/div><div class=\"w-btn-wrapper align_none\"><a class=\"w-btn us-btn-style_1\" href=\"\/es\/contact\"><span class=\"w-btn-label\">P\u00f3ngase en contacto con nosotros en<\/span><\/a><\/div><\/div><\/div><\/div><div class=\"vc_col-sm-2 wpb_column vc_column_container\"><div class=\"vc_column-inner\"><div class=\"wpb_wrapper\"><\/div><\/div><\/div><\/div><\/div><\/section><section class=\"l-section wpb_row mc--jpi-detail-content-right height_medium\"><div class=\"l-section-overlay\" style=\"background:var(--color-content-primary)\"><\/div><div class=\"l-section-h i-cf\"><div class=\"g-cols vc_row via_flex valign_middle type_default stacking_default\"><div class=\"vc_col-sm-5 wpb_column vc_column_container mc--detail-img has_bg_color stretched\"><div class=\"vc_column-inner us_custom_122d94f7\"><div class=\"wpb_wrapper\"><\/div><\/div><\/div><div class=\"vc_col-sm-7 wpb_column vc_column_container\"><div class=\"vc_column-inner\"><div class=\"wpb_wrapper\"><div class=\"wpb_text_column\"><div class=\"wpb_wrapper\"><h2><strong>Nuestras piezas, su seguridad<\/strong><\/h2>\n<p>Seleccionamos nuestras piezas para satisfacer las necesidades de los amantes de los Jeep como usted. Lo que nos diferencia no solo es la calidad de nuestras piezas, sino tambi\u00e9n la rapidez con la que se las entregamos y respondemos a sus preguntas.<\/p>\n<p>Porque en Jeep Parts Ibiza entendemos lo valioso que es su tiempo. Solucionamos su problema lo antes posible, para que pueda volver a disfrutar r\u00e1pidamente de su Jeep. Ya quiera piezas de motor, o frenos, filtros y otras piezas esenciales, se las podemos enviar desde los Pa\u00edses Bajos a la velocidad del rayo. Hoy mismo. Ya.<\/p>\n<\/div><\/div><\/div><\/div><\/div><\/div><\/div><\/section><section class=\"l-section wpb_row mc--jpi-detail-content-left height_medium\"><div class=\"l-section-overlay\" style=\"background:var(--color-content-primary)\"><\/div><div class=\"l-section-h i-cf\"><div class=\"g-cols vc_row via_flex valign_middle type_default reversed stacking_default\"><div class=\"vc_col-sm-7 wpb_column vc_column_container\"><div class=\"vc_column-inner\"><div class=\"wpb_wrapper\"><div class=\"wpb_text_column\"><div class=\"wpb_wrapper\"><h2><strong>En la carretera con confianza<\/strong><\/h2>\n<p>Valoramos la calidad y la fiabilidad, por eso solo ofrecemos piezas de marcas conocidas. Nuestras piezas hacen que su Jeep est\u00e9 en \u00f3ptimas condiciones, para que pueda salir a la carretera con confianza.<\/p>\n<\/div><\/div><\/div><\/div><\/div><div class=\"vc_col-sm-5 wpb_column vc_column_container mc--detail-img has_bg_color stretched\"><div class=\"vc_column-inner us_custom_e13a60b6\"><div class=\"wpb_wrapper\"><\/div><\/div><\/div><\/div><\/div><\/section><section class=\"l-section wpb_row mc--home-intro-v2 height_medium\"><div class=\"l-section-h i-cf\"><div class=\"g-cols vc_row via_flex valign_top type_default stacking_default\"><div class=\"vc_col-sm-12 wpb_column vc_column_container\"><div class=\"vc_column-inner\"><div class=\"wpb_wrapper\"><div class=\"g-cols wpb_row via_flex valign_top type_default stacking_default\"><div class=\"vc_col-sm-9 wpb_column vc_column_container\"><div class=\"vc_column-inner\"><div class=\"wpb_wrapper\"><div class=\"wpb_text_column\"><div class=\"wpb_wrapper\"><h2><strong>\u00bfNecesita piezas nuevas o accesorios para su Jeep?<\/strong><\/h2>\n<p>P\u00f3ngase en contacto con nosotros y recibir\u00e1 un presupuesto en 24 horas.<\/p>\n<div class=\"frm_forms  with_frm_style frm_style_formidable-stijlen\" id=\"frm_form_13_container\" data-token=\"8fe2cbdd6bb0a3c81316811547a5cbb0\">\n<form enctype=\"multipart\/form-data\" method=\"post\" class=\"frm-show-form  frm_ajax_submit  frm_pro_form \" id=\"form_onderdelencontact22\" data-token=\"8fe2cbdd6bb0a3c81316811547a5cbb0\">\n<div class=\"frm_form_fields  frm_page_num_1\">\n<fieldset>\n<legend class=\"frm_screen_reader\">Onderdelen contact - ES<\/legend>\r\n\r\n<div class=\"frm_fields_container\">\n<input type=\"hidden\" name=\"frm_action\" value=\"create\" \/>\n<input type=\"hidden\" name=\"form_id\" value=\"13\" \/>\n<input type=\"hidden\" name=\"frm_hide_fields_13\" id=\"frm_hide_fields_13\" value=\"\" \/>\n<input type=\"hidden\" name=\"form_key\" value=\"onderdelencontact22\" \/>\n<input type=\"hidden\" name=\"item_meta[0]\" value=\"\" \/>\n<input type=\"hidden\" id=\"frm_submit_entry_13\" name=\"frm_submit_entry_13\" value=\"b43231b04e\" \/><input type=\"hidden\" name=\"_wp_http_referer\" value=\"\/es\/wp-json\/wp\/v2\/pages\/161\" \/><div id=\"frm_field_106_container\" class=\"frm_form_field form-field  frm_required_field frm_top_container\">\r\n    <label for=\"field_r477o3\" id=\"field_r477o3_label\" class=\"frm_primary_label\">\u00bfQu\u00e9 pieza necesita?\r\n        <span class=\"frm_required\" aria-hidden=\"true\">*<\/span>\r\n    <\/label>\r\n    <input  type=\"text\" id=\"field_r477o3\" name=\"item_meta[106]\" value=\"\"  data-reqmsg=\"Dit veld mag niet leeg zijn.\" aria-required=\"true\" data-invmsg=\"Tekst is ongeldig\" aria-invalid=\"false\"   \/>\r\n    \r\n    \r\n<\/div>\n<div id=\"frm_field_107_container\" class=\"frm_form_field form-field  frm_required_field frm_top_container\">\r\n    <label for=\"field_7jfj63\" id=\"field_7jfj63_label\" class=\"frm_primary_label\">\u00bfCu\u00e1l es el n\u00famero de chasis de su Jeep?\r\n        <span class=\"frm_required\" aria-hidden=\"true\">*<\/span>\r\n    <\/label>\r\n    <input  type=\"text\" id=\"field_7jfj63\" name=\"item_meta[107]\" value=\"\"  data-reqmsg=\"Dit veld mag niet leeg zijn.\" aria-required=\"true\" data-invmsg=\"Tekst is ongeldig\" aria-invalid=\"false\"   \/>\r\n    \r\n    \r\n<\/div>\n<div id=\"frm_field_108_container\" class=\"frm_form_field form-field  frm_top_container\">\r\n    <label for=\"field_v4fi53\" id=\"field_v4fi53_label\" class=\"frm_primary_label\">Comentarios\r\n        <span class=\"frm_required\" aria-hidden=\"true\"><\/span>\r\n    <\/label>\r\n    <textarea name=\"item_meta[108]\" id=\"field_v4fi53\" rows=\"5\"  data-invmsg=\"Paragraaf is ongeldig\" aria-invalid=\"false\"  ><\/textarea>\r\n    \r\n    \r\n<\/div>\n<input type=\"hidden\" name=\"frm_page_order_13\" id=\"frm_page_order_13\" value=\"8\" \/><input type=\"hidden\" name=\"item_meta[110]\" id=\"field_1iy5d3\" value=\"\"     \/>\n<input type=\"hidden\" name=\"item_meta[111]\" id=\"field_fksqe3\" value=\"\"     \/>\n<input type=\"hidden\" name=\"item_meta[112]\" id=\"field_57y593\" value=\"\"     \/>\n<input type=\"hidden\" name=\"item_meta[113]\" id=\"field_9upza3\" value=\"\"     \/>\n<input type=\"hidden\" name=\"item_meta[114]\" id=\"field_7y7y3\" value=\"\"     \/>\n<input type=\"hidden\" name=\"item_meta[115]\" id=\"field_mpggu3-0\" value=\"\"     \/>\n<input type=\"hidden\" name=\"item_meta[128]\" id=\"field_l0ao6\" value=\"\"     \/>\n\t<input type=\"hidden\" name=\"item_key\" value=\"\" \/>\n\t\t\t<div id=\"frm_field_135_container\">\n\t\t\t<label for=\"field_71ff9\" >\n\t\t\t\tSi eres humano, deja este campo en blanco.\t\t\t<\/label>\n\t\t\t<input  id=\"field_71ff9\" type=\"text\" class=\"frm_form_field form-field frm_verify\" name=\"item_meta[135]\" value=\"\"  \/>\n\t\t<\/div>\n\t\t<input name=\"frm_state\" type=\"hidden\" value=\"GjBXzYM0HRPKLuftHl8L\/JVf0VM4sKbTE0qkRUKKmrQT2qfjH6Zg1nHgtlFzG3B7\" \/><div class=\"frm_submit\">\r\n\r\n<button class=\"frm_button_submit\" type=\"submit\"  >Seguir<\/button>\r\n\r\n\r\n<\/div><\/div>\n<\/fieldset>\n<\/div>\n\n<\/form>\n<\/div>\n\n<\/div><\/div><\/div><\/div><\/div><div class=\"vc_col-sm-3 wpb_column vc_column_container\"><div class=\"vc_column-inner\"><div class=\"wpb_wrapper\"><div class=\"w-vwrapper align_none valign_top\"><div class=\"w-image mc--image-dave align_none\"><div class=\"w-image-h\"><img decoding=\"async\" width=\"264\" height=\"367\" src=\"https:\/\/jeeppartsibiza.com\/wp-content\/uploads\/2024\/01\/dave.png\" class=\"attachment-large size-large\" alt=\"\" loading=\"lazy\" srcset=\"https:\/\/jeeppartsibiza.com\/wp-content\/uploads\/2024\/01\/dave.png 264w, https:\/\/jeeppartsibiza.com\/wp-content\/uploads\/2024\/01\/dave-216x300.png 216w\" sizes=\"auto, (max-width: 264px) 100vw, 264px\" \/><\/div><\/div><div class=\"wpb_text_column mc--text-dave\"><div class=\"wpb_wrapper\"><p><strong>Dave Agueria<\/strong><br \/>\nPropietario de Jeep Parts Ibiza<\/p>\n<\/div><\/div><div class=\"wpb_text_column mc--text-dave-detail\"><div class=\"wpb_wrapper\"><p><i class=\"fa-regular fa-envelope\"><\/i><a href=\"mailto:info@jeeppartsibiza.com\">\u00a0info@jeeppartsibiza.com<\/a><br \/>\n+31 6 53 53 08 43<\/p>\n<\/div><\/div><\/div><\/div><\/div><\/div><\/div><\/div><\/div><\/div><\/div><\/div><\/section>\n","protected":false},"excerpt":{"rendered":"Piezas Mantenga su Jeep en las mejores condiciones En Jeep Parts Ibiza, entendemos que su Jeep es m\u00e1s que un veh\u00edculo. Es el esp\u00edritu aventurero que le lleva por las bellas carreteras de Ibiza. Por eso ofrecemos una amplia gama de piezas Jeep de alta calidad para garantizar que su Jeep siempre est\u00e9 en las...","protected":false},"author":1,"featured_media":558,"parent":0,"menu_order":0,"comment_status":"closed","ping_status":"closed","template":"","meta":{"_acf_changed":false,"footnotes":""},"class_list":["post-161","page","type-page","status-publish","has-post-thumbnail","hentry"],"acf":[],"yoast_head":"<!-- This site is optimized with the Yoast SEO plugin v26.7 - https:\/\/yoast.com\/wordpress\/plugins\/seo\/ -->\n<title>Piezas - Jeepparts Ibiza<\/title>\n<meta name=\"robots\" content=\"index, follow, max-snippet:-1, max-image-preview:large, max-video-preview:-1\" \/>\n<link rel=\"canonical\" href=\"https:\/\/jeeppartsibiza.com\/es\/piezas\/\" \/>\n<meta property=\"og:locale\" content=\"es_ES\" \/>\n<meta property=\"og:type\" content=\"article\" \/>\n<meta property=\"og:title\" content=\"Piezas - Jeepparts Ibiza\" \/>\n<meta property=\"og:url\" content=\"https:\/\/jeeppartsibiza.com\/es\/piezas\/\" \/>\n<meta property=\"og:site_name\" content=\"Jeepparts Ibiza\" \/>\n<meta property=\"article:modified_time\" content=\"2024-04-16T11:39:50+00:00\" \/>\n<meta property=\"og:image\" content=\"https:\/\/jeeppartsibiza.com\/wp-content\/uploads\/2024\/01\/jeepparts_onderdelen_4.jpg\" \/>\n\t<meta property=\"og:image:width\" content=\"1080\" \/>\n\t<meta property=\"og:image:height\" content=\"1080\" \/>\n\t<meta property=\"og:image:type\" content=\"image\/jpeg\" \/>\n<meta name=\"twitter:card\" content=\"summary_large_image\" \/>\n<meta name=\"twitter:label1\" content=\"Tiempo de lectura\" \/>\n\t<meta name=\"twitter:data1\" content=\"2 minutos\" \/>\n<script type=\"application\/ld+json\" class=\"yoast-schema-graph\">{\"@context\":\"https:\/\/schema.org\",\"@graph\":[{\"@type\":\"WebPage\",\"@id\":\"https:\/\/jeeppartsibiza.com\/es\/piezas\/\",\"url\":\"https:\/\/jeeppartsibiza.com\/es\/piezas\/\",\"name\":\"Piezas - Jeepparts Ibiza\",\"isPartOf\":{\"@id\":\"https:\/\/jeeppartsibiza.com\/es\/#website\"},\"primaryImageOfPage\":{\"@id\":\"https:\/\/jeeppartsibiza.com\/es\/piezas\/#primaryimage\"},\"image\":{\"@id\":\"https:\/\/jeeppartsibiza.com\/es\/piezas\/#primaryimage\"},\"thumbnailUrl\":\"https:\/\/jeeppartsibiza.com\/wp-content\/uploads\/2024\/01\/jeepparts_onderdelen_4.jpg\",\"datePublished\":\"2023-11-01T10:41:43+00:00\",\"dateModified\":\"2024-04-16T11:39:50+00:00\",\"breadcrumb\":{\"@id\":\"https:\/\/jeeppartsibiza.com\/es\/piezas\/#breadcrumb\"},\"inLanguage\":\"es\",\"potentialAction\":[{\"@type\":\"ReadAction\",\"target\":[\"https:\/\/jeeppartsibiza.com\/es\/piezas\/\"]}]},{\"@type\":\"ImageObject\",\"inLanguage\":\"es\",\"@id\":\"https:\/\/jeeppartsibiza.com\/es\/piezas\/#primaryimage\",\"url\":\"https:\/\/jeeppartsibiza.com\/wp-content\/uploads\/2024\/01\/jeepparts_onderdelen_4.jpg\",\"contentUrl\":\"https:\/\/jeeppartsibiza.com\/wp-content\/uploads\/2024\/01\/jeepparts_onderdelen_4.jpg\",\"width\":1080,\"height\":1080},{\"@type\":\"BreadcrumbList\",\"@id\":\"https:\/\/jeeppartsibiza.com\/es\/piezas\/#breadcrumb\",\"itemListElement\":[{\"@type\":\"ListItem\",\"position\":1,\"name\":\"Home\",\"item\":\"https:\/\/jeeppartsibiza.com\/es\/\"},{\"@type\":\"ListItem\",\"position\":2,\"name\":\"Piezas\"}]},{\"@type\":\"WebSite\",\"@id\":\"https:\/\/jeeppartsibiza.com\/es\/#website\",\"url\":\"https:\/\/jeeppartsibiza.com\/es\/\",\"name\":\"Jeepparts Ibiza\",\"description\":\"\",\"potentialAction\":[{\"@type\":\"SearchAction\",\"target\":{\"@type\":\"EntryPoint\",\"urlTemplate\":\"https:\/\/jeeppartsibiza.com\/es\/?s={search_term_string}\"},\"query-input\":{\"@type\":\"PropertyValueSpecification\",\"valueRequired\":true,\"valueName\":\"search_term_string\"}}],\"inLanguage\":\"es\"}]}<\/script>\n<!-- \/ Yoast SEO plugin. -->","yoast_head_json":{"title":"Piezas - Jeepparts Ibiza","robots":{"index":"index","follow":"follow","max-snippet":"max-snippet:-1","max-image-preview":"max-image-preview:large","max-video-preview":"max-video-preview:-1"},"canonical":"https:\/\/jeeppartsibiza.com\/es\/piezas\/","og_locale":"es_ES","og_type":"article","og_title":"Piezas - Jeepparts Ibiza","og_url":"https:\/\/jeeppartsibiza.com\/es\/piezas\/","og_site_name":"Jeepparts Ibiza","article_modified_time":"2024-04-16T11:39:50+00:00","og_image":[{"width":1080,"height":1080,"url":"https:\/\/jeeppartsibiza.com\/wp-content\/uploads\/2024\/01\/jeepparts_onderdelen_4.jpg","type":"image\/jpeg"}],"twitter_card":"summary_large_image","twitter_misc":{"Tiempo de lectura":"2 minutos"},"schema":{"@context":"https:\/\/schema.org","@graph":[{"@type":"WebPage","@id":"https:\/\/jeeppartsibiza.com\/es\/piezas\/","url":"https:\/\/jeeppartsibiza.com\/es\/piezas\/","name":"Piezas - Jeepparts Ibiza","isPartOf":{"@id":"https:\/\/jeeppartsibiza.com\/es\/#website"},"primaryImageOfPage":{"@id":"https:\/\/jeeppartsibiza.com\/es\/piezas\/#primaryimage"},"image":{"@id":"https:\/\/jeeppartsibiza.com\/es\/piezas\/#primaryimage"},"thumbnailUrl":"https:\/\/jeeppartsibiza.com\/wp-content\/uploads\/2024\/01\/jeepparts_onderdelen_4.jpg","datePublished":"2023-11-01T10:41:43+00:00","dateModified":"2024-04-16T11:39:50+00:00","breadcrumb":{"@id":"https:\/\/jeeppartsibiza.com\/es\/piezas\/#breadcrumb"},"inLanguage":"es","potentialAction":[{"@type":"ReadAction","target":["https:\/\/jeeppartsibiza.com\/es\/piezas\/"]}]},{"@type":"ImageObject","inLanguage":"es","@id":"https:\/\/jeeppartsibiza.com\/es\/piezas\/#primaryimage","url":"https:\/\/jeeppartsibiza.com\/wp-content\/uploads\/2024\/01\/jeepparts_onderdelen_4.jpg","contentUrl":"https:\/\/jeeppartsibiza.com\/wp-content\/uploads\/2024\/01\/jeepparts_onderdelen_4.jpg","width":1080,"height":1080},{"@type":"BreadcrumbList","@id":"https:\/\/jeeppartsibiza.com\/es\/piezas\/#breadcrumb","itemListElement":[{"@type":"ListItem","position":1,"name":"Home","item":"https:\/\/jeeppartsibiza.com\/es\/"},{"@type":"ListItem","position":2,"name":"Piezas"}]},{"@type":"WebSite","@id":"https:\/\/jeeppartsibiza.com\/es\/#website","url":"https:\/\/jeeppartsibiza.com\/es\/","name":"Jeepparts Ibiza","description":"","potentialAction":[{"@type":"SearchAction","target":{"@type":"EntryPoint","urlTemplate":"https:\/\/jeeppartsibiza.com\/es\/?s={search_term_string}"},"query-input":{"@type":"PropertyValueSpecification","valueRequired":true,"valueName":"search_term_string"}}],"inLanguage":"es"}]}},"_links":{"self":[{"href":"https:\/\/jeeppartsibiza.com\/es\/wp-json\/wp\/v2\/pages\/161","targetHints":{"allow":["GET"]}}],"collection":[{"href":"https:\/\/jeeppartsibiza.com\/es\/wp-json\/wp\/v2\/pages"}],"about":[{"href":"https:\/\/jeeppartsibiza.com\/es\/wp-json\/wp\/v2\/types\/page"}],"author":[{"embeddable":true,"href":"https:\/\/jeeppartsibiza.com\/es\/wp-json\/wp\/v2\/users\/1"}],"replies":[{"embeddable":true,"href":"https:\/\/jeeppartsibiza.com\/es\/wp-json\/wp\/v2\/comments?post=161"}],"version-history":[{"count":14,"href":"https:\/\/jeeppartsibiza.com\/es\/wp-json\/wp\/v2\/pages\/161\/revisions"}],"predecessor-version":[{"id":823,"href":"https:\/\/jeeppartsibiza.com\/es\/wp-json\/wp\/v2\/pages\/161\/revisions\/823"}],"wp:featuredmedia":[{"embeddable":true,"href":"https:\/\/jeeppartsibiza.com\/es\/wp-json\/wp\/v2\/media\/558"}],"wp:attachment":[{"href":"https:\/\/jeeppartsibiza.com\/es\/wp-json\/wp\/v2\/media?parent=161"}],"curies":[{"name":"wp","href":"https:\/\/api.w.org\/{rel}","templated":true}]}}